{"id":98,"date":"2020-05-15T13:40:41","date_gmt":"2020-05-15T13:40:41","guid":{"rendered":"https:\/\/www.seidler-rhetorik.at\/wpsr\/?page_id=98"},"modified":"2020-05-15T13:47:22","modified_gmt":"2020-05-15T13:47:22","slug":"powertalking","status":"publish","type":"page","link":"https:\/\/www.seidler-rhetorik.at\/wpsr\/powertalking\/","title":{"rendered":"Powertalking"},"content":{"rendered":"\n<h2 class=\"wp-block-heading\">Power Talking<\/h2>\n\n\n\n<p><strong>Die Sprache zum Erfolg<\/strong><\/p>\n\n\n\n<p>POWER TALKER handeln sofort! In Amerika ist Power Talking die Sprache des leitenden Managements. Ihre Gedanken entscheiden \u00fcber Ihr Schicksal. Dies gilbt f\u00fcr viele Situationen des t\u00e4glichen Lebens. Lassen Sie sich \u00fcberraschen, in welchen Situation Sie die Anwendung von Power Talking erfolgreicher auftreten l\u00e4sst.<\/p>\n\n\n\n<p><strong>Ziele<\/strong><\/p>\n\n\n\n<ul class=\"wp-block-list\"><li>Mit Hilfe des Power Talkings \u00fcberwinden Sie die H\u00fcrden auf dem Weg zu Ihrem Erfolg.<\/li><li>Sie entfernen leere Worth\u00fclsen aus Ihrer t\u00e4glichen Sprache.<\/li><li>Ihr Sprechen gewinnt an Aussagekraft!<\/li><li>F\u00fcr Sie sind Probleme Herausforderungen oder Chancen!<\/li><li>Sie treten kompetent und sicher auf.<\/li><\/ul>\n\n\n\n<p><strong>Inhalt<\/strong><\/p>\n\n\n\n<ul class=\"wp-block-list\"><li>Power Talking gibt Ihnen die Macht des Wortes.<\/li><li>Sie sagen, was Sie meinen, und Sie bekommen, was Sie wollen!<\/li><li>Sagen Sie nicht \u201eIch werde es versuchen &#8230;\u201c oder \u201eVielleicht sollten wir &#8230;\u201c \u2013 sagen Sie: \u201eIch mache es!\u201c<\/li><li>Formulieren Sie Ihre Gedanken und lassen Sie diese wirken &#8230;<\/li><li>Selbstdarstellung<\/li><li>Der Umgang mit positiven Worten<\/li><\/ul>\n\n\n\n<p><strong>Methode<\/strong>&nbsp;<\/p>\n\n\n\n<ul class=\"wp-block-list\"><li>Wir erarbeiten die Inhalte in Kleingruppen, verwenden Video zur Analyse unserer Leistungen und erfahren die notwendigen theoretischen Inhalte in Referaten durch den Trainer.<\/li><\/ul>\n","protected":false},"excerpt":{"rendered":"<p>Power Talking Die Sprache zum Erfolg POWER TALKER handeln sofort! In Amerika ist Power Talking die Sprache des leitenden Managements. Ihre Gedanken entscheiden \u00fcber Ihr Schicksal. Dies gilbt f\u00fcr viele &#8230;<\/p>\n","protected":false},"author":1,"featured_media":0,"parent":0,"menu_order":0,"comment_status":"closed","ping_status":"closed","template":"","meta":{"footnotes":""},"class_list":["post-98","page","type-page","status-publish","hentry"],"jetpack_sharing_enabled":true,"_links":{"self":[{"href":"https:\/\/www.seidler-rhetorik.at\/wpsr\/wp-json\/wp\/v2\/pages\/98","targetHints":{"allow":["GET"]}}],"collection":[{"href":"https:\/\/www.seidler-rhetorik.at\/wpsr\/wp-json\/wp\/v2\/pages"}],"about":[{"href":"https:\/\/www.seidler-rhetorik.at\/wpsr\/wp-json\/wp\/v2\/types\/page"}],"author":[{"embeddable":true,"href":"https:\/\/www.seidler-rhetorik.at\/wpsr\/wp-json\/wp\/v2\/users\/1"}],"replies":[{"embeddable":true,"href":"https:\/\/www.seidler-rhetorik.at\/wpsr\/wp-json\/wp\/v2\/comments?post=98"}],"version-history":[{"count":2,"href":"https:\/\/www.seidler-rhetorik.at\/wpsr\/wp-json\/wp\/v2\/pages\/98\/revisions"}],"predecessor-version":[{"id":118,"href":"https:\/\/www.seidler-rhetorik.at\/wpsr\/wp-json\/wp\/v2\/pages\/98\/revisions\/118"}],"wp:attachment":[{"href":"https:\/\/www.seidler-rhetorik.at\/wpsr\/wp-json\/wp\/v2\/media?parent=98"}],"curies":[{"name":"wp","href":"https:\/\/api.w.org\/{rel}","templated":true}]}}