{"id":38,"date":"2020-05-15T12:26:55","date_gmt":"2020-05-15T12:26:55","guid":{"rendered":"https:\/\/www.seidler-rhetorik.at\/wpsr\/?page_id=38"},"modified":"2020-05-15T16:30:48","modified_gmt":"2020-05-15T16:30:48","slug":"links","status":"publish","type":"page","link":"https:\/\/www.seidler-rhetorik.at\/wpsr\/links\/","title":{"rendered":"Links"},"content":{"rendered":"\n<p><strong>Sol\u00e8r Coaching:&nbsp;<\/strong>Meine Empfehlung f\u00fcr Personal &amp; Business Coaching in Liechtenstein und dem Rheintal:&nbsp;Sol\u00e8r&nbsp;Coaching&nbsp;bietet Unterst\u00fctzung&nbsp;im&nbsp;Businessumfeld sowie im privaten Umfeld (speziell M\u00e4nner-Coaching) an &#8211; unter anderem&nbsp;in der Konfliktl\u00f6sung sowie F\u00f6rderung einer besseren Kommunikation mit Kollegen, Kunden und Familie. Ivo Sol\u00e8r, selber schon \u00fcber 30 Jahre im IT-Business (davon mehr als 15 Jahre als F\u00fchrungskraft), mehrere Jahre im Coaching-Bereich und noch weit mehr Jahre als Mensch mit viel Lebenserfahrung und Achtsamkeit f\u00fcr ein erf\u00fclltes Leben, weiss wie kraftvoll die offene sowie respektvolle Kommunikation ist. Mit einer offenen Herangehensweise kann Ivo Sol\u00e8r seinen Klienten eine neue Struktur verleihen, die wieder fliesst! Genau hier bietet er seine Erfahrungen und Schritte an, damit er gemeinsam mit seinen Klienten die n\u00f6tigen Br\u00fccken erbauen wird. Weitere Informationen:&nbsp;<a href=\"http:\/\/www.soler.li\/\" target=\"_blank\" rel=\"noreferrer noopener\">www.soler.li<\/a><\/p>\n\n\n\n<p><strong>ProntoPro:&nbsp;<\/strong>Interview \u00fcber mich (Wolfgang Seidler)<strong>:<\/strong> <a href=\"https:\/\/www.prontopro.at\/blog\/rhetorik-training\" target=\"_blank\" rel=\"noreferrer noopener\">www.prontopro.at<\/a><\/p>\n","protected":false},"excerpt":{"rendered":"<p>Sol\u00e8r Coaching:&nbsp;Meine Empfehlung f\u00fcr Personal &amp; Business Coaching in Liechtenstein und dem Rheintal:&nbsp;Sol\u00e8r&nbsp;Coaching&nbsp;bietet Unterst\u00fctzung&nbsp;im&nbsp;Businessumfeld sowie im privaten Umfeld (speziell M\u00e4nner-Coaching) an &#8211; unter anderem&nbsp;in der Konfliktl\u00f6sung sowie F\u00f6rderung einer besseren &#8230;<\/p>\n","protected":false},"author":1,"featured_media":0,"parent":0,"menu_order":0,"comment_status":"closed","ping_status":"closed","template":"","meta":{"footnotes":""},"class_list":["post-38","page","type-page","status-publish","hentry"],"jetpack_sharing_enabled":true,"_links":{"self":[{"href":"https:\/\/www.seidler-rhetorik.at\/wpsr\/wp-json\/wp\/v2\/pages\/38","targetHints":{"allow":["GET"]}}],"collection":[{"href":"https:\/\/www.seidler-rhetorik.at\/wpsr\/wp-json\/wp\/v2\/pages"}],"about":[{"href":"https:\/\/www.seidler-rhetorik.at\/wpsr\/wp-json\/wp\/v2\/types\/page"}],"author":[{"embeddable":true,"href":"https:\/\/www.seidler-rhetorik.at\/wpsr\/wp-json\/wp\/v2\/users\/1"}],"replies":[{"embeddable":true,"href":"https:\/\/www.seidler-rhetorik.at\/wpsr\/wp-json\/wp\/v2\/comments?post=38"}],"version-history":[{"count":2,"href":"https:\/\/www.seidler-rhetorik.at\/wpsr\/wp-json\/wp\/v2\/pages\/38\/revisions"}],"predecessor-version":[{"id":168,"href":"https:\/\/www.seidler-rhetorik.at\/wpsr\/wp-json\/wp\/v2\/pages\/38\/revisions\/168"}],"wp:attachment":[{"href":"https:\/\/www.seidler-rhetorik.at\/wpsr\/wp-json\/wp\/v2\/media?parent=38"}],"curies":[{"name":"wp","href":"https:\/\/api.w.org\/{rel}","templated":true}]}}