{"id":30,"date":"2020-05-15T12:25:18","date_gmt":"2020-05-15T12:25:18","guid":{"rendered":"https:\/\/www.seidler-rhetorik.at\/wpsr\/?page_id=30"},"modified":"2020-05-15T13:01:41","modified_gmt":"2020-05-15T13:01:41","slug":"literatur","status":"publish","type":"page","link":"https:\/\/www.seidler-rhetorik.at\/wpsr\/literatur\/","title":{"rendered":"Literatur"},"content":{"rendered":"\n<h2 class=\"wp-block-heading\">Buchtipps<\/h2>\n\n\n\n<ul class=\"wp-block-list\"><li>Die Macht der Motivation, mvg &nbsp;(Nikolaus B. Enkelmann)<\/li><li>Sag&#8217;s positiv! Power Talking &#8211; CD study &amp; train (Dr. Gudrun Fey)<\/li><li>Verkaufe alles &#8211; nur nicht Deine Kunden! (George Walther)<\/li><li>Warum M\u00e4nner nicht zuh\u00f6ren und Frauen schlecht einparken (Allan &amp; Barbara Pease)<\/li><li>Nie wieder sprachlos! (Karsten Bredemeier\/Reiner Neumann)<\/li><li>Schlagfertig reagieren im Job (Reiner Neumann)<\/li><li>100 Tipps und Tricks f\u00fcr Pinnwand und Flipchart (Bernd Weidenmann)<\/li><li>Sich durchsetzen in Preisgespr\u00e4chen und \u2013Verhandlungen (Erich-Norbert Detroy)<\/li><li>Jeder Kunde hat seinen Preis&nbsp; (Erich-Norbert Detroy\/Frank M. Scheelen)<\/li><li>Rhetorik &#8211; der Weg zum Erfolg (Peter Ebeling)<\/li><li>Anleitung zum Ungl\u00fccklichsein (Paul Watzlawick)<\/li><li>Sag, was du meinst, und du bekommst, was du willst (George Walther)<\/li><li>Train the Trainer (Michael Birkenbihl)<\/li><li>Reden, vortragen, \u00fcberzeugen (Peter K\u00fcrsteiner)<\/li><li>Lebe begeistert und gewinne (Frank Bettger)<\/li><li>Verkaufspr\u00e4sentationen (Emil Hierhold)<\/li><li>Sicher pr\u00e4sentieren &#8211; wirksamer vortragen (Emil Hierhold)<\/li><li>Den Kunden gewinnen (Harald Scheerer)<\/li><li>Heute ist mein bester Tag (Arthur Lassen)<\/li><\/ul>\n\n\n\n<h2 class=\"wp-block-heading\">Zitate<\/h2>\n\n\n\n<ul class=\"wp-block-list\"><li>Nur wer innerlich brennt, kann auch andere anz\u00fcnden.<\/li><li>Wer sich \u00fcber irgendetwas 1 Minute \u00e4rgert, sollte bedenken, dass er dadurch 60 Sekunden Fr\u00f6hlichkeit verliert. &nbsp;(Robert Stolz)<\/li><li>Der Redner ist der VOR-Denker. Er ist verpflichtet, dem Zuh\u00f6rer Zeit zu geben, NACH-Denken zu d\u00fcrfen. &nbsp;(Wolfgang Seidler)<\/li><li>Wer aufh\u00f6rt besser zu werden, hat aufgeh\u00f6rt gut zu sein. &nbsp;(Philipp Rosenthal)<\/li><li>Kein kluger Mann widerspricht einer Frau, erwartet bis sie es selber tut. &nbsp;(Humphrey Bogart)<\/li><li>F\u00fcr eine Frau ist Sch\u00f6nheit unbedingt wichtiger als Intelligenz, denn f\u00fcr M\u00e4nner ist sehen leichter als denken. &nbsp;(Lil Dagover)<\/li><li>Tritt frisch auf &#8211; tu&#8217;s Maul auf und h\u00f6r&#8216; bald auf. &nbsp;(Martin Luther)<\/li><li>Wir k\u00f6nnen den Menschen nichts lehren, wir k\u00f6nnen ihnen nur helfen, es in sich zu finden. &nbsp;(Galileo Galilei) &nbsp;<\/li><li>Es ist keine Schande hinzufallen. Es ist eine Schande, liegen zu bleiben.<\/li><li>Mit 20 hat jeder das Gesicht, das Gott ihm gegeben hat, mit 40 jenes, das das Leben ihm gegeben hat, und mit 60 jenes, das er verdient hat.<\/li><li>Eine Rede ist wie eine Liebesaff\u00e4re: Jeder Dummkopf kann sie beginnen; sie zu beenden erfordert jedoch einige Geschicklichkeit. &nbsp;(Lord Mancroft)<\/li><li>Die Sprache ist die Kleidung der Gedanken. &nbsp;(Samuel Johnson)<\/li><li>Zeichnung ist die Sprache f\u00fcr die Augen, Sprache Malerei f\u00fcr das Ohr. (Joseph Joubert, franz. &nbsp;Moralist)&nbsp;<\/li><li>Achte auf deine Gedanken, denn sie werden zu deinen Worten. Achte auf deine Worte, denn sie werden zu deinen Handlungen. Achte auf deine Handlungen, denn sie werden zu deinen Gewohnheiten. Achte auf deine Gewohnheiten, denn sie werden zu deinen Charaktereigenschaften.Achte auf deinen Charakter, denn er wird dein Schicksal. (Talmud)<\/li><li>Siege werden davongetragen. Niederlagen werden eingesteckt. (Ernst Ferstl)<\/li><li>Das einzig Best\u00e4ndige ist der Wandel.<\/li><\/ul>\n","protected":false},"excerpt":{"rendered":"<p>Buchtipps Die Macht der Motivation, mvg &nbsp;(Nikolaus B. Enkelmann) Sag&#8217;s positiv! Power Talking &#8211; CD study &amp; train (Dr. Gudrun Fey) Verkaufe alles &#8211; nur nicht Deine Kunden! (George Walther) &#8230;<\/p>\n","protected":false},"author":1,"featured_media":0,"parent":0,"menu_order":0,"comment_status":"closed","ping_status":"closed","template":"","meta":{"footnotes":""},"class_list":["post-30","page","type-page","status-publish","hentry"],"jetpack_sharing_enabled":true,"_links":{"self":[{"href":"https:\/\/www.seidler-rhetorik.at\/wpsr\/wp-json\/wp\/v2\/pages\/30","targetHints":{"allow":["GET"]}}],"collection":[{"href":"https:\/\/www.seidler-rhetorik.at\/wpsr\/wp-json\/wp\/v2\/pages"}],"about":[{"href":"https:\/\/www.seidler-rhetorik.at\/wpsr\/wp-json\/wp\/v2\/types\/page"}],"author":[{"embeddable":true,"href":"https:\/\/www.seidler-rhetorik.at\/wpsr\/wp-json\/wp\/v2\/users\/1"}],"replies":[{"embeddable":true,"href":"https:\/\/www.seidler-rhetorik.at\/wpsr\/wp-json\/wp\/v2\/comments?post=30"}],"version-history":[{"count":2,"href":"https:\/\/www.seidler-rhetorik.at\/wpsr\/wp-json\/wp\/v2\/pages\/30\/revisions"}],"predecessor-version":[{"id":65,"href":"https:\/\/www.seidler-rhetorik.at\/wpsr\/wp-json\/wp\/v2\/pages\/30\/revisions\/65"}],"wp:attachment":[{"href":"https:\/\/www.seidler-rhetorik.at\/wpsr\/wp-json\/wp\/v2\/media?parent=30"}],"curies":[{"name":"wp","href":"https:\/\/api.w.org\/{rel}","templated":true}]}}