{"id":3,"date":"2020-05-15T11:48:45","date_gmt":"2020-05-15T11:48:45","guid":{"rendered":"https:\/\/www.seidler-rhetorik.at\/wpsr\/?page_id=3"},"modified":"2020-05-15T12:43:55","modified_gmt":"2020-05-15T12:43:55","slug":"privacy-policy","status":"publish","type":"page","link":"https:\/\/www.seidler-rhetorik.at\/wpsr\/privacy-policy\/","title":{"rendered":"Datenschutzerkl\u00e4rung"},"content":{"rendered":"\n<h2 class=\"wp-block-heading\">Datenschutzerkl\u00e4rung<\/h2>\n\n\n\n<p>Der Schutz Ihrer pers\u00f6nlichen Daten ist uns ein besonderes Anliegen. Wir verarbeiten Ihre Daten daher ausschlie\u00dflich auf Grundlage der gesetzlichen Bestimmungen (DSGVO, TKG 2003). In diesen Datenschutzinformationen informieren wir Sie \u00fcber die wichtigsten Aspekte der Datenverarbeitung im Rahmen unserer Website.<\/p>\n\n\n\n<p><strong>Kontakt mit uns<\/strong><\/p>\n\n\n\n<p>Wenn Sie per Formular auf der Website oder per E-Mail Kontakt mit uns aufnehmen, werden Ihre angegebenen Daten zwecks Bearbeitung der Anfrage und f\u00fcr den Fall von Anschlussfragen sechs Monate bei uns gespeichert. Diese Daten geben wir nicht ohne Ihre Einwilligung weiter.<\/p>\n\n\n\n<p><strong>Cookies<\/strong><\/p>\n\n\n\n<p>Unsere Website verwendet so genannte Cookies. Dabei handelt es sich um kleine Textdateien, die mit Hilfe des Browsers auf Ihrem Endger\u00e4t abgelegt werden. Sie richten keinen Schaden an. Wir nutzen Cookies dazu, unser Angebot nutzerfreundlich zu gestalten. Einige Cookies bleiben auf Ihrem Endger\u00e4t gespeichert, bis Sie diese l\u00f6schen. Sie erm\u00f6glichen es uns, Ihren Browser beim n\u00e4chsten Besuch wiederzuerkennen. Wenn Sie dies nicht w\u00fcnschen, so k\u00f6nnen Sie Ihren Browser so einrichten, dass er Sie \u00fcber das Setzen von Cookies informiert und Sie dies nur im Einzelfall erlauben. Bei der Deaktivierung von Cookies kann die Funktionalit\u00e4t unserer Website eingeschr\u00e4nkt sein.<\/p>\n\n\n\n<p><strong>Web-Analyse<\/strong><\/p>\n\n\n\n<p>Unsere Website verwendet Funktionen des Joomla-eigenen Webanalyse. Dazu werden Cookies verwendet, die eine Analyse der Benutzung der Website durch Ihre Benutzer erm\u00f6glicht. Die dadurch erzeugten Informationen werden auf den Server des Anbieters \u00fcbertragen und dort gespeichert. Sie k\u00f6nnen dies verhindern, indem Sie Ihren Browser so einrichten, dass keine Cookies gespeichert werden.<\/p>\n\n\n\n<p><strong>Youtube<\/strong><\/p>\n\n\n\n<p>Unsere Website beinhaltet mindestens ein Plugin von YouTube (Google Inc., San Bruno, Kalifornien, USA.). Wenn Sie eine Seite aufrufen, die \u00fcber ein eingebettetes Video verf\u00fcgt, wird eine Verbindung zu den YouTube-Servern hergestellt und dabei der Inhalt durch Mitteilung an Ihren Browser auf der Internetseite dargestellt. Sind Sie gleichzeitig bei YouTube eingeloggt, werden diese Informationen Ihrem Mitgliedskonto bei YouTube zugeordnet. Dies k\u00f6nnen Sie verhindern, indem Sie sich vor dem Besuch unserer Website von Ihrem Mitgliedskonto abmelden. Weitere Informationen zum Datenschutz von YouTube werden von Google unter dem folgenden Link bereitgestellt: https:\/\/www.google.de\/intl\/de\/policies\/privacy\/ Gruppenfotos in der<\/p>\n\n\n\n<p><strong>Stargalerie<\/strong><\/p>\n\n\n\n<p>Nach Seminaren nehmen wir in Einverst\u00e4ndnis der Teilnehmer ein Gruppenfoto auf und ver\u00f6ffentlichen es in unserer Website unter dem Men\u00fcpunkt &#8222;Stargalerie&#8220;. Die Gruppenfotos werden nur f\u00fcr diesen Zweck verwendet. Auf Anfrage k\u00f6nnen Fotos gel\u00f6scht oder Teilnehmer anonymisiert werden.<\/p>\n\n\n\n<p><strong>Ihre Rechte<\/strong><\/p>\n\n\n\n<p>Ihnen stehen grunds\u00e4tzlich die Rechte auf Auskunft, Berichtigung, L\u00f6schung, Einschr\u00e4nkung, Daten\u00fcbertragbarkeit, Widerruf und Widerspruch zu. Wenn Sie glauben, dass die Verarbeitung Ihrer Daten gegen das Datenschutzrecht verst\u00f6\u00dft oder Ihre datenschutzrechtlichen Anspr\u00fcche sonst in einer Weise verletzt worden sind, k\u00f6nnen Sie sich bei der Aufsichtsbeh\u00f6rde beschweren. In \u00d6sterreich ist dies die Datenschutzbeh\u00f6rde.<\/p>\n\n\n\n<p><strong>Sie erreichen uns unter folgenden Kontaktdaten:<\/strong>&nbsp;<a href=\"http:\/\/www.seidler-rhetorik.at\/joomlaws\/index.php\/ueber-mich\/kontakt\">Wolfgang Seidler<\/a><\/p>\n","protected":false},"excerpt":{"rendered":"<p>Datenschutzerkl\u00e4rung Der Schutz Ihrer pers\u00f6nlichen Daten ist uns ein besonderes Anliegen. Wir verarbeiten Ihre Daten daher ausschlie\u00dflich auf Grundlage der gesetzlichen Bestimmungen (DSGVO, TKG 2003). In diesen Datenschutzinformationen informieren wir &#8230;<\/p>\n","protected":false},"author":1,"featured_media":0,"parent":0,"menu_order":0,"comment_status":"closed","ping_status":"open","template":"","meta":{"footnotes":""},"class_list":["post-3","page","type-page","status-publish","hentry"],"jetpack_sharing_enabled":true,"_links":{"self":[{"href":"https:\/\/www.seidler-rhetorik.at\/wpsr\/wp-json\/wp\/v2\/pages\/3","targetHints":{"allow":["GET"]}}],"collection":[{"href":"https:\/\/www.seidler-rhetorik.at\/wpsr\/wp-json\/wp\/v2\/pages"}],"about":[{"href":"https:\/\/www.seidler-rhetorik.at\/wpsr\/wp-json\/wp\/v2\/types\/page"}],"author":[{"embeddable":true,"href":"https:\/\/www.seidler-rhetorik.at\/wpsr\/wp-json\/wp\/v2\/users\/1"}],"replies":[{"embeddable":true,"href":"https:\/\/www.seidler-rhetorik.at\/wpsr\/wp-json\/wp\/v2\/comments?post=3"}],"version-history":[{"count":2,"href":"https:\/\/www.seidler-rhetorik.at\/wpsr\/wp-json\/wp\/v2\/pages\/3\/revisions"}],"predecessor-version":[{"id":57,"href":"https:\/\/www.seidler-rhetorik.at\/wpsr\/wp-json\/wp\/v2\/pages\/3\/revisions\/57"}],"wp:attachment":[{"href":"https:\/\/www.seidler-rhetorik.at\/wpsr\/wp-json\/wp\/v2\/media?parent=3"}],"curies":[{"name":"wp","href":"https:\/\/api.w.org\/{rel}","templated":true}]}}