{"id":28,"date":"2020-05-15T12:25:04","date_gmt":"2020-05-15T12:25:04","guid":{"rendered":"https:\/\/www.seidler-rhetorik.at\/wpsr\/?page_id=28"},"modified":"2020-05-15T13:00:28","modified_gmt":"2020-05-15T13:00:28","slug":"kurioses","status":"publish","type":"page","link":"https:\/\/www.seidler-rhetorik.at\/wpsr\/kurioses\/","title":{"rendered":"Kurioses"},"content":{"rendered":"\n<h2 class=\"wp-block-heading\">Dia bsundrige Sita<\/h2>\n\n\n\n<p><strong>Auf dieser Seite finden Sie Besonderheiten &#8230;<\/strong><\/p>\n\n\n\n<p><strong>Partner:&nbsp;<\/strong>&nbsp;&nbsp; BWI Unternehmensberatung GmbH<\/p>\n\n\n\n<p>Interview 94: Erfolg beginnt im Kopf (7.6.2008)<\/p>\n\n\n\n<p><a href=\"http:\/\/www.power-quest.cc\/podcasts\/PQ-podcast94.mp3\">http:\/\/www.power-quest.cc\/podcasts\/PQ-podcast94.mp3<\/a>&nbsp;Wolfgang Seidler ist seit 1995 erfolgreicher Trainer und Personal Coach.&nbsp;Sein Ziel ist es, die verborgenen Potenziale und St\u00e4rken seiner Coachies zu entfesseln. Ein exklusives Interview mit \u00fcberraschenden \u201eHighlights\u201c \u2026<\/p>\n\n\n\n<p>Interview 104: Wolfgang Seidlers mentale Erfolgskonzepte (24.6.2008)<\/p>\n\n\n\n<p>Erfolg beginnt im Kopf \u2026 aber dann hei\u00dft es ACTION! Nach Podcast 94 geht der Trainer und Personal Coach dieses mal auf die Praxis der Zielerreichung ein. Profitieren Sie von Profistrategien, die nicht nur seine Seminarteilnehmer seit Jahren zum Erfolg f\u00fchren&#8230;<\/p>\n\n\n\n<p><\/p>\n\n\n\n<h2 class=\"wp-block-heading\">Reinschnuppern<\/h2>\n\n\n\n<p><strong>Aus dem Leben eines Seminarteilnehmers<\/strong><\/p>\n\n\n\n<p>M\u00fcde und schlaff mache ich mich um 07:45 Uhr auf den Weg zum Seminarort. Dort angekommen suche und finde ich einen Parkplatz f\u00fcr mein Fahrzeug. &#8222;Nun noch in dieses Haus&#8220;, denke ich. Die M\u00fcdigkeit wird immer mehr vom Gef\u00fchl des Ungewissen abgel\u00f6st. &#8222;Habe ich mich richtig entschieden? &#8211; Was h\u00e4tte ich jetzt alles machen k\u00f6nnen. Es n\u00fctzt nichts &#8211; den Kursbeitrag habe ich bereits bezahlt. &#8211; Na dann, ab ins Geb\u00e4ude.&#8220;<\/p>\n\n\n\n<p>Dort steht eine T\u00fcre offen. Ein Hinweisschild sagt mir &#8222;Rhetorik&#8220; &#8211; &#8222;Hier bin ich richtig.&#8220;. Einige Menschen befinden sich bereits im Raum. Einer d\u00fcrfte der Kursleiter sein; er tr\u00e4gt einen Anzug und zeigt sich besch\u00e4ftigt. Ein paar Teilnehmer sitzen ruhig auf den Pl\u00e4tzen. Andere lungern beim Fenster herum &#8211; sie nippeln am Kaffeebecher. Ich habe ein komisches Gef\u00fchl &#8211; eigenartig!<\/p>\n\n\n\n<p>Ich suche mir den besten Platz. Hier entdeckt mich der Kursleiter bestimmt nicht. So komme ich auch nicht an die Reihe.<\/p>\n\n\n\n<p>Inzwischen ist es 08:00 Uhr. Der Kursleiter stellt sich vor mich und die Gruppe. Er er\u00f6ffnet das Seminar.<\/p>\n\n\n\n<p>Nach wenigen Sekunden hat sich das Gef\u00fchl des Ungewissen in Lampenfieber verwandelt. Mein Herz beginnt zu rasen und meine Handfl\u00e4chen sind nass.<\/p>\n\n\n\n<p>Es geht jetzt richtig los. Was will denn DER (der Kursleiter)? &#8211; Er nennt meinen Namen. &#8211; &#8222;Sch&#8230;&#8220;<\/p>\n\n\n\n<p><\/p>\n\n\n\n<h2 class=\"wp-block-heading\">Ansprache einer Kerze<\/h2>\n\n\n\n<p>(Beispiel f\u00fcr Teil einer Weihnachtsrede &#8211; Diese Ansprache erhielt ich von meiner Tochter aus der Vorschule)<\/p>\n\n\n\n<p>Ihr habt mich angez\u00fcndet und schaut &#8211; ein wenig nachdenklich oder versonnen &#8211; in mein Licht. Vielleicht freut ihr euch auch ein bisschen dabei. Ich jedenfalls freue mich, dass ich brenne. Wenn ich nicht brennen w\u00fcrde, l\u00e4ge ich in einem Karton mit anderen, die auch nicht brennen. In so einem Karton haben wir Kerzen \u00fcberhaupt keinen Sinn. Da liegen wir nur herum. Einen Sinn habe ich nur, wenn ich brenne. Und jetzt brenne ich. Aber seit ich brenne, bin ich schon ein wenig k\u00fcrzer geworden. Das ist schade, denn ich kann mir ausrechnen, wann ich so kurz bin, dass ich nur noch ein kleines&nbsp; St\u00fcmpfchen bin.<\/p>\n\n\n\n<p>Aber so ist das: es gibt nur 2 M\u00f6glichkeiten &#8211; entweder ich bleibe ganz unversehrt im Karton, dann werde ich nicht k\u00fcrzer, dann geht mir \u00fcberhaupt nichts ab &#8211; aber dann wei\u00df ich nicht, was ich eigentlich soll &#8211; oder ich gebe Licht und W\u00e4rme, dann wei\u00df ich, wof\u00fcr ich da bin.<\/p>\n\n\n\n<p>So ist das auch bei euch Menschen, genauso.<\/p>\n\n\n\n<p>Entweder ihr bleibt f\u00fcr euch, dann passiert euch nichts, dann geht euch nichts ab &#8211; aber dann wisst ihr auch nicht so recht warum. Dann seid ihr wie die Kerzen im Karton. &#8211; Oder ihr gebt Licht und&nbsp; W\u00e4rme. Dann habt ihr einen Sinn. Dann freuen sich die Menschen, dass es euch gibt. Dann seid ihr nicht vergebens da. Aber daf\u00fcr m\u00fcsst ihr etwas geben: von euch selber, vor allem, was in euch lebendig ist: von eurer Freude, eurer Herzlichkeit, von eurer Treue, eurem Lachen, eurer Traurigkeit, von euren \u00c4ngsten, von euren Sehns\u00fcchten, von allem, was in euch ist.<\/p>\n\n\n\n<p>Ihr braucht keine Angst zu haben, wenn ihr dabei k\u00fcrzer werdet. Das ist nur \u00e4u\u00dferlich. Innen werdet ihr immer heller. Und denkt daran &#8211;&nbsp; euch geht es wie mir: Als Einzelner k\u00f6nnt ihr nur wenig Licht und W\u00e4rme geben, doch gemeinsam strahlen wir viel Licht und W\u00e4rme.<\/p>\n\n\n\n<p>Das sage ich euch in diesen Tagen, ich, eine kleine Kerze.<\/p>\n\n\n\n<h2 class=\"wp-block-heading\">Spendenaktion<\/h2>\n\n\n\n<p>Im Rahmen einer Schulung bei der Firma Blum Beschl\u00e4ge in H\u00f6chst (Lehrg\u00e4nge Industriemeister 1999 und 2001) wanderten f\u00fcr jedes &#8222;man&#8220; und &#8222;eigentlich&#8220; 10 Cent in die Kassa.<\/p>\n\n\n\n<p>Die Summe von \u20ac 45,&#8211; wurden meinerseits am 09.02.2002 an die Leiterin des Tierheimes Dornbirn, Frau Grass, \u00fcbergeben.<\/p>\n\n\n\n<h2 class=\"wp-block-heading\">Mehr?<\/h2>\n\n\n\n<p>Wenn Sie wissen wollen, wie es weiter geht &#8211; besuchen Sie mich!<\/p>\n","protected":false},"excerpt":{"rendered":"<p>Dia bsundrige Sita Auf dieser Seite finden Sie Besonderheiten &#8230; Partner:&nbsp;&nbsp;&nbsp; BWI Unternehmensberatung GmbH Interview 94: Erfolg beginnt im Kopf (7.6.2008) http:\/\/www.power-quest.cc\/podcasts\/PQ-podcast94.mp3&nbsp;Wolfgang Seidler ist seit 1995 erfolgreicher Trainer und Personal &#8230;<\/p>\n","protected":false},"author":1,"featured_media":0,"parent":0,"menu_order":0,"comment_status":"closed","ping_status":"closed","template":"","meta":{"footnotes":""},"class_list":["post-28","page","type-page","status-publish","hentry"],"jetpack_sharing_enabled":true,"_links":{"self":[{"href":"https:\/\/www.seidler-rhetorik.at\/wpsr\/wp-json\/wp\/v2\/pages\/28","targetHints":{"allow":["GET"]}}],"collection":[{"href":"https:\/\/www.seidler-rhetorik.at\/wpsr\/wp-json\/wp\/v2\/pages"}],"about":[{"href":"https:\/\/www.seidler-rhetorik.at\/wpsr\/wp-json\/wp\/v2\/types\/page"}],"author":[{"embeddable":true,"href":"https:\/\/www.seidler-rhetorik.at\/wpsr\/wp-json\/wp\/v2\/users\/1"}],"replies":[{"embeddable":true,"href":"https:\/\/www.seidler-rhetorik.at\/wpsr\/wp-json\/wp\/v2\/comments?post=28"}],"version-history":[{"count":2,"href":"https:\/\/www.seidler-rhetorik.at\/wpsr\/wp-json\/wp\/v2\/pages\/28\/revisions"}],"predecessor-version":[{"id":64,"href":"https:\/\/www.seidler-rhetorik.at\/wpsr\/wp-json\/wp\/v2\/pages\/28\/revisions\/64"}],"wp:attachment":[{"href":"https:\/\/www.seidler-rhetorik.at\/wpsr\/wp-json\/wp\/v2\/media?parent=28"}],"curies":[{"name":"wp","href":"https:\/\/api.w.org\/{rel}","templated":true}]}}