{"id":104,"date":"2020-05-15T13:41:33","date_gmt":"2020-05-15T13:41:33","guid":{"rendered":"https:\/\/www.seidler-rhetorik.at\/wpsr\/?page_id=104"},"modified":"2020-05-15T13:44:19","modified_gmt":"2020-05-15T13:44:19","slug":"den-geist-des-unternehmens-leben","status":"publish","type":"page","link":"https:\/\/www.seidler-rhetorik.at\/wpsr\/den-geist-des-unternehmens-leben\/","title":{"rendered":"Den Geist des Unternehmens leben"},"content":{"rendered":"\n<h2 class=\"wp-block-heading\">Den Geist Ihres Unternehmens leben<\/h2>\n\n\n\n<p><strong>L\u00f6sungen erarbeiten \/ Erfolge pr\u00e4sentieren<\/strong><\/p>\n\n\n\n<p><strong>Teilnehmer<\/strong><\/p>\n\n\n\n<p>Ihre Aufgabe ist die Leitung einer Sitzung oder Arbeitsgruppe mit dem Ziel, ein umsetzbares Ergebnis zu erreichen. Die L\u00f6sung erfolgt durch die Gruppe. Dazu stehen Ihnen zahlreiche Medien zur Verf\u00fcgung. Setzen Sie diese gekonnt ein und steigern Sie damit die Effizienz und Aussagekraft Ihrer Inhalte.<\/p>\n\n\n\n<p>Eine weitere Aufgabe ist das Pr\u00e4sentieren vor Gruppen oder gr\u00f6\u00dferem Publikum. Hier kommt es unter anderem auf den professionellen Einsatz Ihres Hilfsmittels an. Dies ist der Schl\u00fcssel zu Ihrem Erfolg. Setzen Sie Ihr Hilfsmittel und sich wirkungsvoll und nachhaltig in Szene.<\/p>\n\n\n\n<p><strong>Ziele<\/strong><\/p>\n\n\n\n<ul class=\"wp-block-list\"><li>Die ideale Vorbereitung f\u00fcr Sitzungen, \u00f6ffentliche Veranstaltungen und Arbeitsgruppen ist der Schl\u00fcssel zum Erfolg.<\/li><li>Sie leiten Ihre Veranstaltung und pr\u00e4sentieren Ihre Themen, ziel- und teilnehmer-(kunden)-orientiert.<\/li><li>Au\u00dferdem erleben Sie die professionelle Anwendung der Pr\u00e4sentations-Hilfsmittel und erfahren Wissenswertes \u00fcber die Form und Gestaltung Ihrer Pr\u00e4sentation. Durch den gekonnten Einsatz mehrerer Hilfsmittel steigern Sie Ihre M\u00f6glichkeiten, situativ zu reagieren.<\/li><\/ul>\n\n\n\n<p><strong>Inhalt<\/strong><\/p>\n\n\n\n<ul class=\"wp-block-list\"><li>Einsatz und Gestaltung von Hilfsmitteln (z. B. Flipchart, PowerPoint, Overhead, Pinnwand)<\/li><li>Ihr pers\u00f6nliches Pr\u00e4sentations-Hilfsmittel entdecken \u2013 Mein pers\u00f6nlicher Favorit<\/li><li>Betroffene zu Beteiligten machen<\/li><li>Situationsanalyse durch den 4-Fragen-Katalog<\/li><li>L\u00f6sungsfindung in der Gruppe<\/li><li>Sicherheit in der Leitung von Gruppen gewinnen<\/li><li>Herausforderungen professionell meistern<\/li><li>Ma\u00dfnahmenkatalog als Ergebnis der Moderation<\/li><li>Die \u201eklassische\u201c Moderation<\/li><li>Mit den richtigen Fragen das Ziel erreichen<\/li><li>Tipps und Tricks f\u00fcr das Moderieren von Veranstaltungen und pr\u00e4sentieren vor Gruppen<\/li><li>Die Steigerung von \u201eDanke f\u00fcr Ihre Aufmerksamkeit\u201c<\/li><\/ul>\n\n\n\n<p><strong>Ihr Nutzen<\/strong><\/p>\n\n\n\n<p>Sie<\/p>\n\n\n\n<ul class=\"wp-block-list\"><li>erlernen Theorie und Praxis in einer praxisnahen \u00dcbungssituation.<\/li><li>setzen Methoden- und Sozialkompetenz vor Fachkompetenz ein (Moderation).<\/li><li>setzen Methoden und Fachkompetenz vor Sozialkompetenz ein (Pr\u00e4sentation).<\/li><li>erhalten Feedback f\u00fcr Ihre pers\u00f6nliche Weiterentwicklung.<\/li><li>wissen um die Bedeutung Ihrer Ziele bei k\u00fcnftigen Auftritten.<\/li><li>nutzen dieses Training als \u00dcbungsplattform f\u00fcr Ihren beruflichen Alltag.<\/li><li>erfahren das (Hand-)Werkzeug f\u00fcr die ergebnis- und zielorientierte Leitung von Veranstaltungen.<\/li><\/ul>\n\n\n\n<p><strong>Methode<\/strong><\/p>\n\n\n\n<p>Sie erarbeiten die Inhalte in Kleingruppen, verwenden Videoaufzeichnungen zur Analyse Ihrer Leistungen und erfahren die notwendigen theoretischen Inhalte in Referaten durch den Trainer bzw. in Diskussionen.<\/p>\n\n\n\n<p><strong>Motto<\/strong><\/p>\n\n\n\n<p>Erst der Mensch \u2013 dann die Technik \u2013 Den Geist Ihres Unternehmens leben<\/p>\n","protected":false},"excerpt":{"rendered":"<p>Den Geist Ihres Unternehmens leben L\u00f6sungen erarbeiten \/ Erfolge pr\u00e4sentieren Teilnehmer Ihre Aufgabe ist die Leitung einer Sitzung oder Arbeitsgruppe mit dem Ziel, ein umsetzbares Ergebnis zu erreichen. Die L\u00f6sung &#8230;<\/p>\n","protected":false},"author":1,"featured_media":0,"parent":0,"menu_order":0,"comment_status":"closed","ping_status":"closed","template":"","meta":{"footnotes":""},"class_list":["post-104","page","type-page","status-publish","hentry"],"jetpack_sharing_enabled":true,"_links":{"self":[{"href":"https:\/\/www.seidler-rhetorik.at\/wpsr\/wp-json\/wp\/v2\/pages\/104","targetHints":{"allow":["GET"]}}],"collection":[{"href":"https:\/\/www.seidler-rhetorik.at\/wpsr\/wp-json\/wp\/v2\/pages"}],"about":[{"href":"https:\/\/www.seidler-rhetorik.at\/wpsr\/wp-json\/wp\/v2\/types\/page"}],"author":[{"embeddable":true,"href":"https:\/\/www.seidler-rhetorik.at\/wpsr\/wp-json\/wp\/v2\/users\/1"}],"replies":[{"embeddable":true,"href":"https:\/\/www.seidler-rhetorik.at\/wpsr\/wp-json\/wp\/v2\/comments?post=104"}],"version-history":[{"count":2,"href":"https:\/\/www.seidler-rhetorik.at\/wpsr\/wp-json\/wp\/v2\/pages\/104\/revisions"}],"predecessor-version":[{"id":112,"href":"https:\/\/www.seidler-rhetorik.at\/wpsr\/wp-json\/wp\/v2\/pages\/104\/revisions\/112"}],"wp:attachment":[{"href":"https:\/\/www.seidler-rhetorik.at\/wpsr\/wp-json\/wp\/v2\/media?parent=104"}],"curies":[{"name":"wp","href":"https:\/\/api.w.org\/{rel}","templated":true}]}}