{"id":102,"date":"2020-05-15T13:41:22","date_gmt":"2020-05-15T13:41:22","guid":{"rendered":"https:\/\/www.seidler-rhetorik.at\/wpsr\/?page_id=102"},"modified":"2020-05-15T14:25:44","modified_gmt":"2020-05-15T14:25:44","slug":"rhetorik-prasentationstechnik","status":"publish","type":"page","link":"https:\/\/www.seidler-rhetorik.at\/wpsr\/rhetorik-prasentationstechnik\/","title":{"rendered":"Rhetorik-\/Pr\u00e4sentationstechnik"},"content":{"rendered":"\n<h2 class=\"wp-block-heading\">Moderation und Pr\u00e4sentation<\/h2>\n\n\n\n<p><strong>Von der Aufgabe zur L\u00f6sung<\/strong><\/p>\n\n\n\n<p><strong>Teilnehmer<\/strong><\/p>\n\n\n\n<p>Ihre Aufgabe ist die Leitung einer Sitzung oder Arbeitsgruppe mit dem Ziel, ein Ergebnis zu erreichen. Die L\u00f6sung erfolgt durch die Gruppe. Dazu stehen Ihnen zahlreiche Hilfsmittel zur Verf\u00fcgung. Setzen Sie diese ein und steigern Sie damit die Effizienz und Aussagekraft Ihrer Inhalte.<\/p>\n\n\n\n<p><strong>Ziele<\/strong><\/p>\n\n\n\n<p>Im Seminar wird die richtige Anwendung technischer Hilfsmittel sowie Wissenswertes \u00fcber die richtige Form einer Pr\u00e4sentation vermittelt. Die ideale Vorbereitung f\u00fcr Sitzungen, \u00f6ffentliche Veranstaltungen und Arbeitsgruppen ist dabei der Schl\u00fcssel zum Erfolg.<\/p>\n\n\n\n<p><strong>Inhalt<\/strong><\/p>\n\n\n\n<ul class=\"wp-block-list\"><li>L\u00f6sungsfindung in der Gruppe<\/li><li>Sicherheit bei der Leitung von Gruppen gewinnen<\/li><li>Die \u201eklassische\u201c Moderation<\/li><li>Visualisieren der Ergebnisse<\/li><li>Wer fragt der f\u00fchrt<\/li><li>Tipps und Tricks f\u00fcr das Moderieren von Veranstaltungen<\/li><li>Einsatz von Hilfsmitteln<\/li><li>Umgang mit anspruchsvollen TeilnehmerInnen<\/li><\/ul>\n\n\n\n<h2 class=\"wp-block-heading\">Souver\u00e4ner und kompetenter Auftritt<\/h2>\n\n\n\n<p><strong>Rhetorisch flexibel und erfolgreich in allen Situationen<\/strong><\/p>\n\n\n\n<p>Es gibt Situationen im beruflichen Alltag, die Sie vor besondere rhetorische Herausforderungen stellen. Dazu geh\u00f6rt auch der Auftritt und das Bestehen vor Publikum. In diesem Seminar erlernen Sie das Handwerkzeug, das Sie auch in spontanen und unangenehmen Situationen souver\u00e4n und kompetent wirken l\u00e4sst. Kurz, aussagekr\u00e4ftig und \u00fcberzeugend bringen Sie Ihre Gedanken auf den Punkt.<\/p>\n\n\n\n<p><strong>Ziele<\/strong><\/p>\n\n\n\n<ul class=\"wp-block-list\"><li>Sie wissen was Sie wollen und setzen dies in die Tat um.<\/li><li>Wirkung und Bedeutung der verbalen und non-verbalen Kommunikation<\/li><li>Gedanken in Worte kleiden<\/li><li>Das Ende der \u201eSprachlosigkeit\u201c<\/li><\/ul>\n\n\n\n<p><strong>Inhalt<\/strong><\/p>\n\n\n\n<ul class=\"wp-block-list\"><li>Freies Stehen im Raum<\/li><li>In 5 Schritten zum rhetorischen Erfolg<\/li><li>Aussagen auf den Punkt bringen<\/li><li>Aufbau einer spontanen Rede\/Argumentation<\/li><li>Formulieren Sie Ihre Gedanken und lassen Sie diese wirken<\/li><li>Informationsgehalt einer Mitteilung<\/li><li>F\u00fcr den 1. Eindruck haben Sie 1 Chance<\/li><li>Elemente aus dem Themenbereich \u201eSchlagfertigkeit\u201c<\/li><li>3 Gespr\u00e4chsmechanismen<\/li><li>Den Wind aus den Segeln nehmen<\/li><li>Ja, aber &#8211; einmal anders<\/li><\/ul>\n\n\n\n<p><strong>Ihr Nutzen<\/strong><\/p>\n\n\n\n<p>Sie<\/p>\n\n\n\n<ul class=\"wp-block-list\"><li>erfahren Ihre Wirkung auf andere.<\/li><li>genie\u00dfen es, schlagfertig (re-)agieren zu k\u00f6nnen.<\/li><li>erleben sich live und auf Video.<\/li><li>erhalten Werkzeuge f\u00fcr Ihre beruflichen Herausforderungen.<\/li><\/ul>\n\n\n\n<p><strong>Methode<\/strong>&nbsp;<\/p>\n\n\n\n<p>Sie erarbeiten die Inhalte in Kleingruppen, verwenden Videoaufzeichnungen zur Analyse Ihrer Leistungen und erfahren die notwendigen theoretischen Inhalte in Referaten durch den Trainer bzw. in Diskussionen.<\/p>\n\n\n\n<h2 class=\"wp-block-heading\">Erfolg durch Pr\u00e4sentation<\/h2>\n\n\n\n<p><strong>Ihr pers\u00f6nlicher Auftritt<\/strong><\/p>\n\n\n\n<p>Sie haben die Aufgabe, sich und \u201eIhr\u201c Produkt zu pr\u00e4sentieren. Ihre Gedanken fassen Sie nun in Worte und Bilder. Durch bestm\u00f6gliche Vorbereitung bestimmen Sie Ihren Erfolg. \u2013 Viel Spa\u00df bei Ihrem Auftritt!<\/p>\n\n\n\n<p><strong>Inhalt<\/strong><\/p>\n\n\n\n<p>Sie<\/p>\n\n\n\n<ul class=\"wp-block-list\"><li>arbeiten am \u201eblinden Fleck\u201c<\/li><li>treten selbstsicher und kompetent auf<\/li><li>gehen professionell mit Pr\u00e4sentationshilfsmitteln (z.B. ppt, Flipchart) um<\/li><li>erkennen die Bedeutung der Pr\u00e4sentation<\/li><li>erkennen: \u201eWeniger ist mehr!\u201c<\/li><li>informieren und \u00fcberzeugen Ihr Publikum<\/li><li>erzeugen Bilder in den K\u00f6pfen der Zuh\u00f6rer\/Zuschauer<\/li><li>verbinden die Kunst der Rhetorik und der Pr\u00e4sentation<\/li><li>zeigen, was in Ihnen steckt<\/li><\/ul>\n\n\n\n<p><strong>Methode<\/strong><\/p>\n\n\n\n<ul class=\"wp-block-list\"><li>Vortrag, Tipps und Tricks<\/li><li>Video, Analyse, Feedback<\/li><li>\u00dcben<\/li><\/ul>\n\n\n\n<h2 class=\"wp-block-heading\">Ihr Auftritt bitte! &#8211; Action Rhetorik<\/h2>\n\n\n\n<p><strong>Vom Kurzsatz zum Speaker\u2019s Corner<\/strong><\/p>\n\n\n\n<p>Sie suchen die besondere Herausforderung? &#8211; Dann sind Sie in diesem Seminar genau richtig. Nach den \u00dcbungen im Seminarraum geht\u2019s zur Sache. Sie werden das Ge\u00fcbte in der Praxis umsetzen. \u00d6ffentliche Orte werden Ihre \u201eB\u00fchne der Rhetorik\u201c sein.<\/p>\n\n\n\n<p>Neben der Kurzsatztechnik werden Sie andere M\u00f6glichkeiten der Redegestaltung kennen lernen.<\/p>\n\n\n\n<p>Die freie Rede als Ihr neues Steckenpferd.<\/p>\n\n\n\n<p>Also dann! \u2013 Ihr Auftritt bitte!<\/p>\n\n\n\n<p><strong>Inhalt<\/strong><\/p>\n\n\n\n<ul class=\"wp-block-list\"><li>das freie Stehen im Raum<\/li><li>das freie Sprechen<\/li><li>Feedback-Regeln<\/li><li>Rhetorik-, Artikulations- und Sprechfertigkeits\u00fcbungen<\/li><li>die richtige Betonung<\/li><li>verschiedene Gespr\u00e4chstechniken<\/li><li>Einsatz von K\u00f6rper, Stimme und Sprache<\/li><li>Techniken zur Redegestaltung<\/li><li>Speaker\u2019s Corner<\/li><\/ul>\n\n\n\n<p>Methode<\/p>\n\n\n\n<ul class=\"wp-block-list\"><li>Vortrag, Diskussion<\/li><li>Video, Feedbackrunde<\/li><li>\u00dcben<\/li><\/ul>\n\n\n\n<h2 class=\"wp-block-heading\">Rhetorik &#8211; Basisausbildung<\/h2>\n\n\n\n<p><strong>Von den Wurzeln der Rhetorik zum ersten Auftritt<\/strong><\/p>\n\n\n\n<p><strong>Ziele<\/strong><\/p>\n\n\n\n<p>Sie<\/p>\n\n\n\n<ul class=\"wp-block-list\"><li>erkennen Ihre Schw\u00e4chen und St\u00e4rken<\/li><li>erleben, wie Sie auf andere wirken<\/li><li>fassen Ihre Gedanken in klare Worte<\/li><li>erkennen die Bedeutung der K\u00f6rpersprache<\/li><li>erkennen, dass Sie f\u00fcr Ihren Erfolg verantwortlich sind<\/li><li>erfahren einen neuen Zugang zu Redeanl\u00e4ssen<\/li><\/ul>\n\n\n\n<p><strong>Inhalt<\/strong><\/p>\n\n\n\n<ul class=\"wp-block-list\"><li>Grundlagen der Rhetorik<\/li><li>Was ist Rhetorik?<\/li><li>Eigen- und Fremdwahrnehmung<\/li><li>Ged\u00e4chtnistraining<\/li><li>Das freie Stehen im Raum<\/li><li>\u00dcbungen zum Thema: Artikulation, Sprechfertigkeit und Betonung<\/li><li>Kurzsatztechnik<\/li><li>Kurzvortrag<\/li><\/ul>\n\n\n\n<p><strong>Methode<\/strong><\/p>\n\n\n\n<ul class=\"wp-block-list\"><li>Vortrag, Diskussion, \u00dcbungen<\/li><li>Video, Feedbackrunde<\/li><\/ul>\n\n\n\n<h2 class=\"wp-block-heading\">Rhetorik &#8211; Freies Sprechen<\/h2>\n\n\n\n<p><strong>Wie rede ich frei und \u00fcberzeugend?<\/strong><\/p>\n\n\n\n<p><strong>Teilnehmer<\/strong><\/p>\n\n\n\n<p>Personen mit h\u00e4ufigen Kundenkontakten sowie Personen, die \u00fcberzeugen wollen, bzw Anlass- und\/oder \u00dcberzeugungsreden halten d\u00fcrfen.<\/p>\n\n\n\n<p><strong>Ziele<\/strong><\/p>\n\n\n\n<p>Sie<\/p>\n\n\n\n<ul class=\"wp-block-list\"><li>analysieren Ihre Nicht-St\u00e4rken und St\u00e4rken und definieren Ihren Entwicklungsbedarf<\/li><li>erleben, wie Sie und Ihr Sprechen auf andere wirken<\/li><li>vermitteln Ihre Redeabsicht zuh\u00f6rerbezogen<\/li><li>erleichtern Ihnen und Ihren Zuh\u00f6rern die Orientierung durch die Strukturierung Ihrer Rede<\/li><li>verstehen die K\u00f6rpersprache Ihres Gegen\u00fcbers und treten selbstbewusst auf<\/li><li>freuen sich \u00fcber zuk\u00fcnftige Redeanl\u00e4sse und sehen diese als Chance<\/li><\/ul>\n\n\n\n<p>Inhalt<\/p>\n\n\n\n<ul class=\"wp-block-list\"><li>sprachliche und non-verbale Wirkungsmittel<\/li><li>Redevorbereitung und \u2013Aufbau<\/li><li>Bedeutung der Redebestandteile<\/li><li>Wirkung erzielen durch bildhaftes Sprechen und erz\u00e4hlende Elemente<\/li><li>Meinungs- und \u00dcberzeugungsrede<\/li><li>Methode<\/li><li>Vortrag, Diskussion, \u00dcbungen<\/li><li>Video, Feedbackrunde<\/li><\/ul>\n","protected":false},"excerpt":{"rendered":"<p>Moderation und Pr\u00e4sentation Von der Aufgabe zur L\u00f6sung Teilnehmer Ihre Aufgabe ist die Leitung einer Sitzung oder Arbeitsgruppe mit dem Ziel, ein Ergebnis zu erreichen. Die L\u00f6sung erfolgt durch die &#8230;<\/p>\n","protected":false},"author":1,"featured_media":0,"parent":0,"menu_order":0,"comment_status":"closed","ping_status":"closed","template":"","meta":{"footnotes":""},"class_list":["post-102","page","type-page","status-publish","hentry"],"jetpack_sharing_enabled":true,"_links":{"self":[{"href":"https:\/\/www.seidler-rhetorik.at\/wpsr\/wp-json\/wp\/v2\/pages\/102","targetHints":{"allow":["GET"]}}],"collection":[{"href":"https:\/\/www.seidler-rhetorik.at\/wpsr\/wp-json\/wp\/v2\/pages"}],"about":[{"href":"https:\/\/www.seidler-rhetorik.at\/wpsr\/wp-json\/wp\/v2\/types\/page"}],"author":[{"embeddable":true,"href":"https:\/\/www.seidler-rhetorik.at\/wpsr\/wp-json\/wp\/v2\/users\/1"}],"replies":[{"embeddable":true,"href":"https:\/\/www.seidler-rhetorik.at\/wpsr\/wp-json\/wp\/v2\/comments?post=102"}],"version-history":[{"count":4,"href":"https:\/\/www.seidler-rhetorik.at\/wpsr\/wp-json\/wp\/v2\/pages\/102\/revisions"}],"predecessor-version":[{"id":125,"href":"https:\/\/www.seidler-rhetorik.at\/wpsr\/wp-json\/wp\/v2\/pages\/102\/revisions\/125"}],"wp:attachment":[{"href":"https:\/\/www.seidler-rhetorik.at\/wpsr\/wp-json\/wp\/v2\/media?parent=102"}],"curies":[{"name":"wp","href":"https:\/\/api.w.org\/{rel}","templated":true}]}}